{"id":54,"date":"2023-06-07T15:03:53","date_gmt":"2023-06-07T07:03:53","guid":{"rendered":"https:\/\/chinacarfilm.com\/?page_id=54"},"modified":"2024-05-14T09:33:50","modified_gmt":"2024-05-14T01:33:50","slug":"contact-us","status":"publish","type":"page","link":"https:\/\/chinacarfilm.com\/pt\/contact-us\/","title":{"rendered":"Contate-nos"},"content":{"rendered":"<section class=\"l-section wpb_row us_custom_e5832ec4 height_auto width_full\"><div class=\"l-section-h i-cf\"><div class=\"g-cols vc_row via_grid cols_2 laptops-cols_inherit tablets-cols_inherit mobiles-cols_1 valign_middle type_default reversed stacking_default\" style=\"--columns-gap:1rem;\"><div class=\"wpb_column vc_column_container us_custom_ae264262 has_text_color has_bg_color\"><div class=\"vc_column-overlay\" style=\"background:rgba(0,0,0,0.60)\"><\/div><div class=\"vc_column-inner\"><h2 class=\"w-text\"><span class=\"w-text-h\"><span class=\"w-text-value\">Entre em contato conosco<\/span><\/span><\/h2><div class=\"wpb_text_column\"><div class=\"wpb_wrapper\"><p><strong>QUALQUER D\u00daVIDA OU DEMANDA, <\/strong><strong>ENTRE EM CONTATO CONOSCO AGORA MESMO!<\/strong><br \/>Preencha o formul\u00e1rio de mensagem para receber amostras gr\u00e1tis. Entraremos em contato com voc\u00ea em at\u00e9 6 horas.<\/p>\n<\/div><\/div><div class=\"w-separator size_small\"><\/div><form class=\"w-form  us-field-style_1 layout_ver show_message_after_sending for_cform us_form_1\" action=\"https:\/\/chinacarfilm.com\/pt\/pt\/wp-json\/wp\/v2\/pages\/54\" method=\"post\" data-trp-original-action=\"https:\/\/chinacarfilm.com\/pt\/pt\/wp-json\/wp\/v2\/pages\/54\"><div class=\"w-form-h\"><div class=\"w-form-row for_text required with_icon\">\r\n\t\t<div class=\"w-form-row-field\">\r\n\t\t\t\t<i class=\"fal fa-users-medical\"><\/i>\t\t<input aria-label=\"Seu nome\" type=\"text\" name=\"us_form_1_text_1\" value placeholder=\"Seu nome *\" data-required=\"true\" aria-required=\"true\"\/>\r\n\t\t\t<\/div>\r\n\t\t<div class=\"w-form-row-state\">Fill out this field<\/div>\r\n<\/div>\r\n<div class=\"w-form-row for_email required with_icon\">\r\n\t\t<div class=\"w-form-row-field\">\r\n\t\t\t\t<i class=\"fal fa-envelope\"><\/i>\t\t<input aria-label=\"Seu e-mail\" type=\"email\" name=\"us_form_1_email_1\" value placeholder=\"Seu e-mail *\" data-required=\"true\" aria-required=\"true\"\/>\r\n\t\t\t<\/div>\r\n\t\t<div class=\"w-form-row-state\">Por favor insira um endere\u00e7o de email v\u00e1lido.<\/div>\r\n<\/div>\r\n<div class=\"w-form-row for_text with_icon cols_2\">\r\n\t\t<div class=\"w-form-row-field\">\r\n\t\t\t\t<i class=\"fal fa-mobile\"><\/i>\t\t<input aria-label=\"N\u00famero de telefone \/ WhatsApp\" inputmode=\"tel\" type=\"text\" name=\"us_form_1_text_2\" value placeholder=\"N\u00famero de telefone \/ WhatsApp\"\/>\r\n\t\t\t<\/div>\r\n\t\t<div class=\"w-form-row-state\">Fill out this field<\/div>\r\n<\/div>\r\n<div class=\"w-form-row for_text with_icon cols_2\">\r\n\t\t<div class=\"w-form-row-field\">\r\n\t\t\t\t<i class=\"fal fa-globe-americas\"><\/i>\t\t<input aria-label=\"Seu pa\u00eds\" type=\"text\" name=\"us_form_1_text_3\" value placeholder=\"Seu pa\u00eds\"\/>\r\n\t\t\t<\/div>\r\n\t\t<div class=\"w-form-row-state\">Fill out this field<\/div>\r\n<\/div>\r\n<div class=\"w-form-row for_textarea with_icon\">\r\n\t\t<div class=\"w-form-row-field\">\r\n\t\t\t\t<i class=\"fal fa-comment-alt-dots\"><\/i>\t\t<textarea aria-label=\"Mensagem\" name=\"us_form_1_textarea_1\" placeholder=\"Mensagem\"><\/textarea>\r\n\t\t\t<\/div>\r\n\t\t<div class=\"w-form-row-state\">Fill out this field<\/div>\r\n<\/div>\r\n<input type=\"hidden\" name=\"action\" value=\"us_ajax_cform\" \/>\r\n<input type=\"hidden\" name=\"post_id\" value=\"1622\" \/>\r\n<input type=\"hidden\" name=\"form_index\" value=\"1\" \/>\r\n<div class=\"w-form-row for_submit align_none\">\r\n\t<button class=\"w-btn icon_atleft us-btn-style_1\" aria-label=\"Enviar mensagem \u2192\" type=\"submit\">\r\n\t\t<span class=\"g-preloader type_1\"><\/span>\r\n\t\t<i class=\"fal fa-comment-alt-dots\"><\/i>\t\t<span class=\"w-btn-label\">Enviar mensagem \u2192<\/span>\r\n\t\t\t<\/button>\r\n\t<\/div>\r\n<\/div><div class=\"w-form-message\"><\/div><div class=\"w-form-json hidden\" onclick='return {&quot;ajaxurl&quot;:&quot;https:\\\/\\\/chinacarfilm.com\\\/wp-admin\\\/admin-ajax.php&quot;,&quot;messages&quot;:{&quot;err_empty&quot;:&quot;Fill out this field&quot;,&quot;err_size&quot;:&quot;File size cannot exceed %s MB&quot;,&quot;err_extension&quot;:&quot;%s file type is not allowed&quot;,&quot;err_recaptcha_keys&quot;:&quot;reCAPTCHA keys are incorrect&quot;}}'><\/div><input type=\"hidden\" name=\"trp-form-language\" value=\"pt\"\/><\/form>\n<\/div><\/div><div class=\"wpb_column vc_column_container us_custom_1c60ba2a has_bg_color\"><div class=\"vc_column-inner\"><h2 class=\"w-text\"><span class=\"w-text-h\"><span class=\"w-text-value\">Bem-vindo<\/span><\/span><\/h2><h4 class=\"w-text\"><span class=\"w-text-h\"><span class=\"w-text-value\">Tecnologia de novos materiais m\u00e1gicos de Qingdao Co., Ltd.<\/span><\/span><\/h4><div class=\"wpb_text_column\"><div class=\"wpb_wrapper\"><p>Se voc\u00ea tem interesse na Magic New Material Technology, visite nossa f\u00e1brica. Voc\u00ea tamb\u00e9m pode fazer uma consulta online e teremos o maior prazer em fornecer a solu\u00e7\u00e3o mais adequada para voc\u00ea.<\/p>\n<\/div><\/div><div class=\"w-separator size_medium with_line width_default thick_1 style_solid color_border align_center\"><div class=\"w-separator-h\"><\/div><\/div><div class=\"w-iconbox iconpos_left style_default color_primary align_left icontype_img\"><div class=\"w-iconbox-icon\" style=\"font-size:4rem;\"><img loading=\"lazy\" decoding=\"async\" width=\"160\" height=\"160\" src=\"https:\/\/chinacarfilm.com\/wp-content\/uploads\/2023\/06\/Emily-Wang.png\" class=\"attachment-full size-full\" alt=\"\" \/><\/div><div class=\"w-iconbox-meta\"><h4 class=\"w-iconbox-title\">E-mail<\/h4><div class=\"w-iconbox-text\"><p>\u00a0<a href=\"mailto:info@chinacarfilm.com\">info@chinacarfilm.com<\/a><\/p>\n<\/div><\/div><\/div><div class=\"w-separator size_medium with_line width_default thick_1 style_solid color_border align_center\"><div class=\"w-separator-h\"><\/div><\/div><div class=\"w-iconbox iconpos_left style_outlined color_primary align_left\"><div class=\"w-iconbox-icon\" style=\"font-size:1.5rem;\"><i class=\"fal fa-building\"><\/i><\/div><div class=\"w-iconbox-meta\"><h4 class=\"w-iconbox-title\">Escrit\u00f3rio de Qingdao<\/h4><div class=\"w-iconbox-text\"><p>Times Square, XiangGang Middle Road, distrito de Shinan, Qingdao, Shandong, China.<\/p>\n<\/div><\/div><\/div><div class=\"w-separator size_medium\"><\/div><div class=\"w-iconbox iconpos_left style_outlined color_primary align_left\"><div class=\"w-iconbox-icon\" style=\"font-size:1.5rem;\"><i class=\"fal fa-link\"><\/i><\/div><div class=\"w-iconbox-meta\"><h4 class=\"w-iconbox-title\">Site<\/h4><div class=\"w-iconbox-text\"><p><a href=\"https:\/\/chinacarfilm.com\/pt\/\">https:\/\/www.chinacarfilm.com<\/a><\/p>\n<\/div><\/div><\/div><\/div><\/div><\/div><\/div><\/section>","protected":false},"excerpt":{"rendered":"","protected":false},"author":1,"featured_media":0,"parent":0,"menu_order":0,"comment_status":"closed","ping_status":"closed","template":"","meta":{"footnotes":""},"class_list":["post-54","page","type-page","status-publish","hentry"],"acf":[],"_links":{"self":[{"href":"https:\/\/chinacarfilm.com\/pt\/wp-json\/wp\/v2\/pages\/54","targetHints":{"allow":["GET"]}}],"collection":[{"href":"https:\/\/chinacarfilm.com\/pt\/wp-json\/wp\/v2\/pages"}],"about":[{"href":"https:\/\/chinacarfilm.com\/pt\/wp-json\/wp\/v2\/types\/page"}],"author":[{"embeddable":true,"href":"https:\/\/chinacarfilm.com\/pt\/wp-json\/wp\/v2\/users\/1"}],"replies":[{"embeddable":true,"href":"https:\/\/chinacarfilm.com\/pt\/wp-json\/wp\/v2\/comments?post=54"}],"version-history":[{"count":0,"href":"https:\/\/chinacarfilm.com\/pt\/wp-json\/wp\/v2\/pages\/54\/revisions"}],"wp:attachment":[{"href":"https:\/\/chinacarfilm.com\/pt\/wp-json\/wp\/v2\/media?parent=54"}],"curies":[{"name":"wp","href":"https:\/\/api.w.org\/{rel}","templated":true}]}}