{"id":2242,"date":"2024-05-15T10:45:33","date_gmt":"2024-05-15T02:45:33","guid":{"rendered":"https:\/\/chinacarfilm.com\/?page_id=2242"},"modified":"2024-05-15T10:48:05","modified_gmt":"2024-05-15T02:48:05","slug":"social-responsibility","status":"publish","type":"page","link":"https:\/\/chinacarfilm.com\/pt\/social-responsibility\/","title":{"rendered":"Responsabilidade Social"},"content":{"rendered":"<section class=\"l-section wpb_row us_custom_5ef5406e height_large width_custom\" style=\"--site-content-width:1000px;\"><div class=\"l-section-overlay\" style=\"background:#ffffff\"><\/div><div class=\"l-section-h i-cf\"><div class=\"g-cols vc_row via_grid cols_1 laptops-cols_inherit tablets-cols_inherit mobiles-cols_1 valign_top type_default stacking_default\"><div class=\"wpb_column vc_column_container\"><div class=\"vc_column-inner\"><h2 class=\"w-post-elm post_title entry-title color_link_inherit\">Responsabilidade Social<\/h2><div class=\"w-image align_none\"><div class=\"w-image-h\"><img decoding=\"async\" width=\"1600\" height=\"678\" src=\"https:\/\/chinacarfilm.com\/wp-content\/uploads\/2024\/05\/social-responsibility.jpg\" class=\"attachment-full size-full\" alt=\"\" loading=\"lazy\" srcset=\"https:\/\/chinacarfilm.com\/wp-content\/uploads\/2024\/05\/social-responsibility.jpg 1600w, https:\/\/chinacarfilm.com\/wp-content\/uploads\/2024\/05\/social-responsibility-600x254.jpg 600w, https:\/\/chinacarfilm.com\/wp-content\/uploads\/2024\/05\/social-responsibility-1200x509.jpg 1200w, https:\/\/chinacarfilm.com\/wp-content\/uploads\/2024\/05\/social-responsibility-300x127.jpg 300w\" sizes=\"auto, (max-width: 1600px) 100vw, 1600px\" \/><\/div><\/div><div class=\"w-separator size_small\"><\/div><div class=\"wpb_text_column\"><div class=\"wpb_wrapper\"><p>Acreditamos que a responsabilidade de uma empresa vai al\u00e9m da produ\u00e7\u00e3o e venda de produtos de alta qualidade; inclui tamb\u00e9m o compromisso com o desenvolvimento sustent\u00e1vel e a prote\u00e7\u00e3o do planeta. A Magicar continuar\u00e1 a integrar o esp\u00edrito de responsabilidade social corporativa em suas opera\u00e7\u00f5es di\u00e1rias, esfor\u00e7ando-se para contribuir com a sociedade e colaborar com o mundo para criar um lar mais ecol\u00f3gico, seguro e saud\u00e1vel.<\/p>\n<p><strong>Equipamentos Verdes<\/strong><br \/>A Magicar responde ativamente ao plano nacional &quot;Blue Sky Protection&quot; e toma medidas proativas no \u00e2mbito da estrat\u00e9gia &quot;Dual Carbon&quot;, introduzindo equipamentos avan\u00e7ados de oxida\u00e7\u00e3o t\u00e9rmica regenerativa rotativa (RTO) reconhecidos pela ind\u00fastria. Atrav\u00e9s do m\u00e9todo de combust\u00e3o RTO, os compostos org\u00e2nicos vol\u00e1teis (COVs) s\u00e3o totalmente queimados para atingir os padr\u00f5es de emiss\u00e3o, convertendo-os em CO2. A efici\u00eancia limpa do tratamento abrangente de COVs atinge 99,9%, recuperando o calor residual do calor de rea\u00e7\u00e3o, alcan\u00e7ando um modo de produ\u00e7\u00e3o verdadeiramente verde, eficiente, com economia de energia e redu\u00e7\u00e3o de emiss\u00f5es.<\/p>\n<p><strong>Produtos Verdes<\/strong><br \/>Toda a linha de produtos da Magic passou no Teste Verde da SGS, e os resultados dos testes para c\u00e1dmio, chumbo, merc\u00fario, cromo hexavalente, bifenilos polibromados (PBBS), \u00e9teres difen\u00edlicos polibromados (PBDES) e \u00e9steres de ftalato (por exemplo, ftalato de dibutila (DBP), ftalato de butilbenzila (BBP), di(2-etilhexil)ftalato (DEHP) e ftalato de diisobutil (DIBP)) est\u00e3o em conformidade com os valores-limite da Diretiva ROHS 2011\/65\/UE da Uni\u00e3o Europeia, Ap\u00eandice II da Diretiva Alterada (UE) 2015\/863.<\/p>\n<p><strong>A\u00e7\u00f5es Verdes<\/strong><br \/>Como cidad\u00e3 corporativa respons\u00e1vel, a Magicar est\u00e1 comprometida com a prote\u00e7\u00e3o ambiental e adota medidas ambientais em suas opera\u00e7\u00f5es comerciais e atividades di\u00e1rias. Ela incentiva funcion\u00e1rios e clientes a reciclar recursos, economizar \u00e1gua e energia e reduzir a emiss\u00e3o de res\u00edduos. Ao implementar um sistema de monitoramento ambiental para monitorar o consumo de energia, como \u00e1gua e energia el\u00e9trica, bem como o uso de papel, a Magicar incentiva os funcion\u00e1rios a engajar os clientes em atividades de prote\u00e7\u00e3o ambiental.<\/p>\n<\/div><\/div><\/div><\/div><\/div><\/div><\/section>","protected":false},"excerpt":{"rendered":"","protected":false},"author":1,"featured_media":0,"parent":0,"menu_order":0,"comment_status":"closed","ping_status":"closed","template":"","meta":{"footnotes":""},"class_list":["post-2242","page","type-page","status-publish","hentry"],"acf":[],"_links":{"self":[{"href":"https:\/\/chinacarfilm.com\/pt\/wp-json\/wp\/v2\/pages\/2242","targetHints":{"allow":["GET"]}}],"collection":[{"href":"https:\/\/chinacarfilm.com\/pt\/wp-json\/wp\/v2\/pages"}],"about":[{"href":"https:\/\/chinacarfilm.com\/pt\/wp-json\/wp\/v2\/types\/page"}],"author":[{"embeddable":true,"href":"https:\/\/chinacarfilm.com\/pt\/wp-json\/wp\/v2\/users\/1"}],"replies":[{"embeddable":true,"href":"https:\/\/chinacarfilm.com\/pt\/wp-json\/wp\/v2\/comments?post=2242"}],"version-history":[{"count":0,"href":"https:\/\/chinacarfilm.com\/pt\/wp-json\/wp\/v2\/pages\/2242\/revisions"}],"wp:attachment":[{"href":"https:\/\/chinacarfilm.com\/pt\/wp-json\/wp\/v2\/media?parent=2242"}],"curies":[{"name":"wp","href":"https:\/\/api.w.org\/{rel}","templated":true}]}}