{"id":2237,"date":"2024-05-15T10:32:39","date_gmt":"2024-05-15T02:32:39","guid":{"rendered":"https:\/\/chinacarfilm.com\/?page_id=2237"},"modified":"2024-05-15T10:42:33","modified_gmt":"2024-05-15T02:42:33","slug":"development-history","status":"publish","type":"page","link":"https:\/\/chinacarfilm.com\/pt\/development-history\/","title":{"rendered":"Hist\u00f3rico de desenvolvimento"},"content":{"rendered":"<section class=\"l-section wpb_row us_custom_5ef5406e height_large width_custom\" style=\"--site-content-width:1000px;\"><div class=\"l-section-overlay\" style=\"background:#ffffff\"><\/div><div class=\"l-section-h i-cf\"><div class=\"g-cols vc_row via_grid cols_1 laptops-cols_inherit tablets-cols_inherit mobiles-cols_1 valign_top type_default stacking_default\"><div class=\"wpb_column vc_column_container\"><div class=\"vc_column-inner\"><h1 class=\"w-post-elm post_title entry-title color_link_inherit\">Hist\u00f3rico de desenvolvimento<\/h1><div class=\"wpb_text_column\"><div class=\"wpb_wrapper\"><h4>2002<\/h4>\n<p>A Magicar New Materials, em colabora\u00e7\u00e3o com especialistas renomados na \u00e1rea de materiais polim\u00e9ricos da Universidade de Ci\u00eancia e Tecnologia de Shandong e da Universidade de Petr\u00f3leo da China, estabeleceu um laborat\u00f3rio de pesquisa conjunto e embarcou em uma jornada de pesquisa aplicada e melhoria de processos em filmes polim\u00e9ricos.<\/p>\n<\/div><\/div><div class=\"w-separator size_small with_line width_default thick_1 style_solid color_border align_center\"><div class=\"w-separator-h\"><\/div><\/div><div class=\"wpb_text_column\"><div class=\"wpb_wrapper\"><h5>2003<\/h5>\n<p>Um grande avan\u00e7o foi alcan\u00e7ado no desempenho de compostos de pol\u00edmero PTEE no laborat\u00f3rio conjunto, marcando a entrada oficial no campo de novos materiais.<\/p>\n<\/div><\/div><div class=\"w-separator size_small with_line width_default thick_1 style_solid color_border align_center\"><div class=\"w-separator-h\"><\/div><\/div><div class=\"wpb_text_column\"><div class=\"wpb_wrapper\"><h5>2004<\/h5>\n<p>A linha de produ\u00e7\u00e3o de Shandong foi estabelecida, e a primeira gera\u00e7\u00e3o de produtos PTEE passou por testes profissionais e entrou no mercado.<\/p>\n<\/div><\/div><div class=\"w-separator size_small with_line width_default thick_1 style_solid color_border align_center\"><div class=\"w-separator-h\"><\/div><\/div><div class=\"wpb_text_column\"><div class=\"wpb_wrapper\"><h5>2010<\/h5>\n<p>Os produtos PTEE da empresa se expandiram para cobrir v\u00e1rios campos, incluindo filmes automotivos, roupas e consum\u00edveis experimentais.<\/p>\n<\/div><\/div><div class=\"w-separator size_small with_line width_default thick_1 style_solid color_border align_center\"><div class=\"w-separator-h\"><\/div><\/div><div class=\"wpb_text_column\"><div class=\"wpb_wrapper\"><h5>2012<\/h5>\n<p>A empresa celebrou projetos conjuntos de pesquisa sobre novos materiais com diversas institui\u00e7\u00f5es de pesquisa nacionais.<\/p>\n<\/div><\/div><div class=\"w-separator size_small with_line width_default thick_1 style_solid color_border align_center\"><div class=\"w-separator-h\"><\/div><\/div><div class=\"wpb_text_column\"><div class=\"wpb_wrapper\"><h5>2013<\/h5>\n<p>Produtos relacionados a elast\u00f4meros de poliuretano termopl\u00e1stico foram introduzidos, abrangendo v\u00e1rios campos, incluindo pel\u00edculas de prote\u00e7\u00e3o de pintura, pel\u00edculas de mudan\u00e7a de cor, pel\u00edculas de isolamento t\u00e9rmico e pel\u00edculas arquitet\u00f4nicas.<\/p>\n<\/div><\/div><div class=\"w-separator size_small with_line width_default thick_1 style_solid color_border align_center\"><div class=\"w-separator-h\"><\/div><\/div><div class=\"wpb_text_column\"><div class=\"wpb_wrapper\"><h5>2018<\/h5>\n<p>Uma nova f\u00e1brica com novos equipamentos foi inaugurada, e a produ\u00e7\u00e3o anual de filmes \u00f3pticos atingiu 10 milh\u00f5es de metros quadrados. A empresa tamb\u00e9m forneceu com sucesso servi\u00e7os OEM de alta qualidade para diversas marcas renomadas.<\/p>\n<\/div><\/div><div class=\"w-separator size_small with_line width_default thick_1 style_solid color_border align_center\"><div class=\"w-separator-h\"><\/div><\/div><div class=\"wpb_text_column\"><div class=\"wpb_wrapper\"><h5>2019<\/h5>\n<p>A empresa estabeleceu rela\u00e7\u00f5es de coopera\u00e7\u00e3o s\u00f3lidas com muitos fabricantes de mat\u00e9rias-primas reconhecidos internacionalmente, como Bayer (Alemanha), Ashland (EUA), Lubrizol, Huntsman, Cashew (Jap\u00e3o) e assim por diante.<\/p>\n<\/div><\/div><div class=\"w-separator size_small with_line width_default thick_1 style_solid color_border align_center\"><div class=\"w-separator-h\"><\/div><\/div><div class=\"wpb_text_column\"><div class=\"wpb_wrapper\"><h5>2019<\/h5>\n<p>A divis\u00e3o global de neg\u00f3cios de com\u00e9rcio exterior da Magicar foi estabelecida em Qingdao, entrando oficialmente no mercado global.<\/p>\n<\/div><\/div><div class=\"w-separator size_small with_line width_default thick_1 style_solid color_border align_center\"><div class=\"w-separator-h\"><\/div><\/div><div class=\"wpb_text_column\"><div class=\"wpb_wrapper\"><h5>2020<\/h5>\n<p>A empresa convidou Louis Koo como porta-voz da marca. Como um \u00eddolo de qualidade amplamente admirado pelo p\u00fablico, Louis Koo personifica n\u00e3o apenas uma apar\u00eancia elegante, mas tamb\u00e9m qualidades interiores excepcionais, alinhando-se perfeitamente com a cren\u00e7a da empresa em brilho constante por dentro e por fora.<\/p>\n<\/div><\/div><div class=\"w-separator size_small with_line width_default thick_1 style_solid color_border align_center\"><div class=\"w-separator-h\"><\/div><\/div><div class=\"wpb_text_column\"><div class=\"wpb_wrapper\"><h5>2022<\/h5>\n<p>Participou da Exposi\u00e7\u00e3o Internacional de Pe\u00e7as Automotivas de Reposi\u00e7\u00e3o da China (Zhengzhou), realizada \u00e0s 6h30, expandindo os canais de marketing nas prov\u00edncias vizinhas, concentradas em Zhengzhou. Os neg\u00f3cios de pe\u00e7as automotivas da empresa cresceram rapidamente, assinando acordos com quase cem concession\u00e1rias cooperativas em todo o pa\u00eds e cobrindo as principais cidades de forma abrangente.<\/p>\n<\/div><\/div><div class=\"w-separator size_small with_line width_default thick_1 style_solid color_border align_center\"><div class=\"w-separator-h\"><\/div><\/div><div class=\"wpb_text_column\"><div class=\"wpb_wrapper\"><h5>2022<\/h5>\n<p>O software de corte de filme da Magicar foi lan\u00e7ado, incluindo dados pr\u00e1ticos para quase 100.000 itens, como padr\u00f5es chineses, padr\u00f5es americanos, interiores, motocicletas, chaves de carro e v\u00e1rios padr\u00f5es.<\/p>\n<\/div><\/div><div class=\"w-separator size_small with_line width_default thick_1 style_solid color_border align_center\"><div class=\"w-separator-h\"><\/div><\/div><div class=\"wpb_text_column\"><div class=\"wpb_wrapper\"><h5>2023<\/h5>\n<p>Participou da Shenzhen International Smart Travel, Auto Modification, and Automotive Service Industry Eco Expo 2023 (Kyushu Auto Eco Expo).<\/p>\n<\/div><\/div><div class=\"w-separator size_small with_line width_default thick_1 style_solid color_border align_center\"><div class=\"w-separator-h\"><\/div><\/div><div class=\"wpb_text_column\"><div class=\"wpb_wrapper\"><h5>2024<\/h5>\n<p>Expandiu-se para mais de 80 mercados internacionais, incluindo Oriente M\u00e9dio, R\u00fassia, Estados Unidos, Turquia, Jap\u00e3o, Mal\u00e1sia, Vietn\u00e3, Singapura e Coreia do Sul. Colaborou com mais de 30 marcas chinesas parceiras e estabeleceu mais de 2.000 parcerias com lojas.<\/p>\n<\/div><\/div><\/div><\/div><\/div><\/div><\/section>","protected":false},"excerpt":{"rendered":"","protected":false},"author":1,"featured_media":0,"parent":0,"menu_order":0,"comment_status":"closed","ping_status":"closed","template":"","meta":{"footnotes":""},"class_list":["post-2237","page","type-page","status-publish","hentry"],"acf":[],"_links":{"self":[{"href":"https:\/\/chinacarfilm.com\/pt\/wp-json\/wp\/v2\/pages\/2237","targetHints":{"allow":["GET"]}}],"collection":[{"href":"https:\/\/chinacarfilm.com\/pt\/wp-json\/wp\/v2\/pages"}],"about":[{"href":"https:\/\/chinacarfilm.com\/pt\/wp-json\/wp\/v2\/types\/page"}],"author":[{"embeddable":true,"href":"https:\/\/chinacarfilm.com\/pt\/wp-json\/wp\/v2\/users\/1"}],"replies":[{"embeddable":true,"href":"https:\/\/chinacarfilm.com\/pt\/wp-json\/wp\/v2\/comments?post=2237"}],"version-history":[{"count":0,"href":"https:\/\/chinacarfilm.com\/pt\/wp-json\/wp\/v2\/pages\/2237\/revisions"}],"wp:attachment":[{"href":"https:\/\/chinacarfilm.com\/pt\/wp-json\/wp\/v2\/media?parent=2237"}],"curies":[{"name":"wp","href":"https:\/\/api.w.org\/{rel}","templated":true}]}}