{"id":1911,"date":"2024-04-08T15:12:18","date_gmt":"2024-04-08T07:12:18","guid":{"rendered":"https:\/\/chinacarfilm.com\/?page_id=1911"},"modified":"2024-04-16T16:29:42","modified_gmt":"2024-04-16T08:29:42","slug":"crystal-plating-liquid","status":"publish","type":"page","link":"https:\/\/chinacarfilm.com\/pt\/crystal-plating-liquid\/","title":{"rendered":"L\u00edquido de Cristaliza\u00e7\u00e3o"},"content":{"rendered":"<section class=\"l-section wpb_row us_custom_47aca7de height_large with_img\"><div class=\"l-section-img\" role=\"img\" aria-label=\"Imagem\" data-img-width=\"1900\" data-img-height=\"1126\" style=\"background-image: url(https:\/\/chinacarfilm.com\/wp-content\/uploads\/2024\/04\/coating-bg.jpg);\"><\/div><div class=\"l-section-h i-cf\"><div class=\"g-cols vc_row via_grid cols_1 laptops-cols_inherit tablets-cols_inherit mobiles-cols_1 valign_top type_default stacking_default\" style=\"--columns-gap:5rem;\"><div class=\"wpb_column vc_column_container\"><div class=\"vc_column-inner\"><h1 class=\"w-text us_custom_e147db95\"><span class=\"w-text-h\"><span class=\"w-text-value\">Nanocer\u00e2mica, Cristal de revestimento de n\u00facleo duro<\/span><\/span><\/h1><div class=\"wpb_text_column us_custom_b4198c51\"><div class=\"wpb_wrapper\"><p>Obtenha uma nova apar\u00eancia para a pintura do carro e pel\u00edcula protetora de pintura do carro, prote\u00e7\u00e3o mais forte e duradoura.<\/p>\n<\/div><\/div><\/div><\/div><div class=\"wpb_column vc_column_container\"><div class=\"vc_column-inner\"><div class=\"w-image align_none\"><div class=\"w-image-h\"><img decoding=\"async\" width=\"800\" height=\"572\" src=\"https:\/\/chinacarfilm.com\/wp-content\/uploads\/2024\/04\/coating.png\" class=\"attachment-large size-large\" alt=\"\" loading=\"lazy\" srcset=\"https:\/\/chinacarfilm.com\/wp-content\/uploads\/2024\/04\/coating.png 800w, https:\/\/chinacarfilm.com\/wp-content\/uploads\/2024\/04\/coating-300x215.png 300w, https:\/\/chinacarfilm.com\/wp-content\/uploads\/2024\/04\/coating-600x429.png 600w\" sizes=\"auto, (max-width: 800px) 100vw, 800px\" \/><\/div><\/div><\/div><\/div><\/div><\/div><\/section><section class=\"l-section wpb_row us_custom_a8fbb0e6 height_huge\"><div class=\"l-section-h i-cf\"><div class=\"g-cols vc_row via_grid cols_2 laptops-cols_inherit tablets-cols_inherit mobiles-cols_1 valign_middle type_default stacking_default\"><div class=\"wpb_column vc_column_container\"><div class=\"vc_column-inner\"><div class=\"w-image align_none\"><div class=\"w-image-h\"><img decoding=\"async\" width=\"1296\" height=\"1296\" src=\"https:\/\/chinacarfilm.com\/wp-content\/uploads\/2024\/04\/coating2.jpg\" class=\"attachment-full size-full\" alt=\"\" loading=\"lazy\" srcset=\"https:\/\/chinacarfilm.com\/wp-content\/uploads\/2024\/04\/coating2.jpg 1296w, https:\/\/chinacarfilm.com\/wp-content\/uploads\/2024\/04\/coating2-300x300.jpg 300w, https:\/\/chinacarfilm.com\/wp-content\/uploads\/2024\/04\/coating2-600x600.jpg 600w, https:\/\/chinacarfilm.com\/wp-content\/uploads\/2024\/04\/coating2-1200x1200.jpg 1200w\" sizes=\"auto, (max-width: 1296px) 100vw, 1296px\" \/><\/div><\/div><\/div><\/div><div class=\"wpb_column vc_column_container\"><div class=\"vc_column-inner\"><h2 class=\"w-text us_custom_052d56ea\"><span class=\"w-text-h\"><span class=\"w-text-value\">Dureza cer\u00e2mica, prote\u00e7\u00e3o de resist\u00eancia<\/span><\/span><\/h2><div class=\"wpb_text_column us_custom_b4198c51\"><div class=\"wpb_wrapper\"><p>Aplique uma camada protetora na superf\u00edcie da pintura e do revestimento do carro, melhorando efetivamente a dureza da superf\u00edcie e proporcionando prote\u00e7\u00e3o completa para a pintura e o revestimento do seu carro.<\/p>\n<\/div><\/div><\/div><\/div><\/div><\/div><\/section><section class=\"l-section wpb_row us_custom_a8fbb0e6 height_huge\"><div class=\"l-section-h i-cf\"><div class=\"g-cols vc_row via_grid cols_2 laptops-cols_inherit tablets-cols_inherit mobiles-cols_1 valign_middle type_default stacking_default\"><div class=\"wpb_column vc_column_container\"><div class=\"vc_column-inner\"><div class=\"w-image align_none\"><div class=\"w-image-h\"><img decoding=\"async\" width=\"1296\" height=\"1296\" src=\"https:\/\/chinacarfilm.com\/wp-content\/uploads\/2024\/04\/coating3.jpg\" class=\"attachment-full size-full\" alt=\"\" loading=\"lazy\" srcset=\"https:\/\/chinacarfilm.com\/wp-content\/uploads\/2024\/04\/coating3.jpg 1296w, https:\/\/chinacarfilm.com\/wp-content\/uploads\/2024\/04\/coating3-300x300.jpg 300w, https:\/\/chinacarfilm.com\/wp-content\/uploads\/2024\/04\/coating3-600x600.jpg 600w, https:\/\/chinacarfilm.com\/wp-content\/uploads\/2024\/04\/coating3-1200x1200.jpg 1200w\" sizes=\"auto, (max-width: 1296px) 100vw, 1296px\" \/><\/div><\/div><\/div><\/div><div class=\"wpb_column vc_column_container\"><div class=\"vc_column-inner\"><h2 class=\"w-text us_custom_052d56ea\"><span class=\"w-text-h\"><span class=\"w-text-value\">Apar\u00eancia deslumbrante semelhante a um vidro, mais fresco que um carro novo<\/span><\/span><\/h2><div class=\"wpb_text_column us_custom_b4198c51\"><div class=\"wpb_wrapper\"><p>Alta densidade de filme, bom \u00edndice de refra\u00e7\u00e3o, realce eficaz do brilho<\/p>\n<\/div><\/div><\/div><\/div><\/div><\/div><\/section><section class=\"l-section wpb_row us_custom_a8fbb0e6 height_huge\"><div class=\"l-section-h i-cf\"><div class=\"g-cols vc_row via_grid cols_2 laptops-cols_inherit tablets-cols_inherit mobiles-cols_1 valign_middle type_default stacking_default\"><div class=\"wpb_column vc_column_container\"><div class=\"vc_column-inner\"><div class=\"w-image align_none\"><div class=\"w-image-h\"><img decoding=\"async\" width=\"1296\" height=\"1296\" src=\"https:\/\/chinacarfilm.com\/wp-content\/uploads\/2024\/04\/coating4.jpg\" class=\"attachment-full size-full\" alt=\"\" loading=\"lazy\" srcset=\"https:\/\/chinacarfilm.com\/wp-content\/uploads\/2024\/04\/coating4.jpg 1296w, https:\/\/chinacarfilm.com\/wp-content\/uploads\/2024\/04\/coating4-300x300.jpg 300w, https:\/\/chinacarfilm.com\/wp-content\/uploads\/2024\/04\/coating4-600x600.jpg 600w, https:\/\/chinacarfilm.com\/wp-content\/uploads\/2024\/04\/coating4-1200x1200.jpg 1200w\" sizes=\"auto, (max-width: 1296px) 100vw, 1296px\" \/><\/div><\/div><\/div><\/div><div class=\"wpb_column vc_column_container\"><div class=\"vc_column-inner\"><h2 class=\"w-text us_custom_052d56ea\"><span class=\"w-text-h\"><span class=\"w-text-value\">Camadas de prote\u00e7\u00e3o eficaz<\/span><\/span><\/h2><div class=\"wpb_text_column us_custom_b4198c51\"><div class=\"wpb_wrapper\"><p>Revestimento de cristal uniforme, efeito duradouro. O carro branco fica mais branco, o carro preto fica mais brilhante, com brilho cont\u00ednuo e completo, reduzindo riscos.<\/p>\n<\/div><\/div><\/div><\/div><\/div><\/div><\/section><section class=\"l-section wpb_row us_custom_a8fbb0e6 height_huge\"><div class=\"l-section-h i-cf\"><div class=\"g-cols vc_row via_grid cols_2 laptops-cols_inherit tablets-cols_inherit mobiles-cols_1 valign_middle type_default stacking_default\"><div class=\"wpb_column vc_column_container\"><div class=\"vc_column-inner\"><div class=\"w-image align_none\"><div class=\"w-image-h\"><img decoding=\"async\" width=\"1296\" height=\"1296\" src=\"https:\/\/chinacarfilm.com\/wp-content\/uploads\/2024\/04\/coating5.jpg\" class=\"attachment-full size-full\" alt=\"\" loading=\"lazy\" srcset=\"https:\/\/chinacarfilm.com\/wp-content\/uploads\/2024\/04\/coating5.jpg 1296w, https:\/\/chinacarfilm.com\/wp-content\/uploads\/2024\/04\/coating5-300x300.jpg 300w, https:\/\/chinacarfilm.com\/wp-content\/uploads\/2024\/04\/coating5-600x600.jpg 600w, https:\/\/chinacarfilm.com\/wp-content\/uploads\/2024\/04\/coating5-1200x1200.jpg 1200w\" sizes=\"auto, (max-width: 1296px) 100vw, 1296px\" \/><\/div><\/div><\/div><\/div><div class=\"wpb_column vc_column_container\"><div class=\"vc_column-inner\"><h2 class=\"w-text us_custom_052d56ea\"><span class=\"w-text-h\"><span class=\"w-text-value\">Condensa a \u00e1gua em esferas, autolimpantes como uma folha de l\u00f3tus<\/span><\/span><\/h2><div class=\"wpb_text_column us_custom_b4198c51\"><div class=\"wpb_wrapper\"><p>Reduz efetivamente a corros\u00e3o da superf\u00edcie da tinta causada por res\u00edduos de \u00e1gua.<\/p>\n<\/div><\/div><\/div><\/div><\/div><\/div><\/section><section class=\"l-section wpb_row us_custom_d37bc40c height_huge width_custom\" style=\"--site-content-width:820px;\"><div class=\"l-section-h i-cf\"><div class=\"g-cols vc_row via_grid cols_1 laptops-cols_inherit tablets-cols_inherit mobiles-cols_1 valign_middle type_default stacking_default\"><div class=\"wpb_column vc_column_container\"><div class=\"vc_column-inner\"><h2 class=\"w-text us_custom_052d56ea\"><span class=\"w-text-h\"><span class=\"w-text-value\">Desafio de for\u00e7a, sem medo de altas temperaturas<\/span><\/span><\/h2><div class=\"w-image align_none\"><div class=\"w-image-h\"><img decoding=\"async\" width=\"1228\" height=\"656\" src=\"https:\/\/chinacarfilm.com\/wp-content\/uploads\/2024\/04\/tep.jpg\" class=\"attachment-full size-full\" alt=\"\" loading=\"lazy\" srcset=\"https:\/\/chinacarfilm.com\/wp-content\/uploads\/2024\/04\/tep.jpg 1228w, https:\/\/chinacarfilm.com\/wp-content\/uploads\/2024\/04\/tep-300x160.jpg 300w, https:\/\/chinacarfilm.com\/wp-content\/uploads\/2024\/04\/tep-600x321.jpg 600w, https:\/\/chinacarfilm.com\/wp-content\/uploads\/2024\/04\/tep-1200x641.jpg 1200w\" sizes=\"auto, (max-width: 1228px) 100vw, 1228px\" \/><\/div><\/div><div class=\"w-separator size_medium\"><\/div><h3 class=\"w-text\"><span class=\"w-text-h\"><span class=\"w-text-value\">Compara\u00e7\u00e3o do efeito do uso de l\u00edquido de cristaliza\u00e7\u00e3o<\/span><\/span><\/h3><div class=\"w-image align_none\"><div class=\"w-image-h\"><img decoding=\"async\" width=\"1228\" height=\"656\" src=\"https:\/\/chinacarfilm.com\/wp-content\/uploads\/2024\/04\/use1.jpg\" class=\"attachment-full size-full\" alt=\"\" loading=\"lazy\" srcset=\"https:\/\/chinacarfilm.com\/wp-content\/uploads\/2024\/04\/use1.jpg 1228w, https:\/\/chinacarfilm.com\/wp-content\/uploads\/2024\/04\/use1-300x160.jpg 300w, https:\/\/chinacarfilm.com\/wp-content\/uploads\/2024\/04\/use1-600x321.jpg 600w, https:\/\/chinacarfilm.com\/wp-content\/uploads\/2024\/04\/use1-1200x641.jpg 1200w\" sizes=\"auto, (max-width: 1228px) 100vw, 1228px\" \/><\/div><\/div><div class=\"w-separator size_small\"><\/div><div class=\"w-image align_none\"><div class=\"w-image-h\"><img decoding=\"async\" width=\"1228\" height=\"656\" src=\"https:\/\/chinacarfilm.com\/wp-content\/uploads\/2024\/04\/use2.jpg\" class=\"attachment-full size-full\" alt=\"\" loading=\"lazy\" srcset=\"https:\/\/chinacarfilm.com\/wp-content\/uploads\/2024\/04\/use2.jpg 1228w, https:\/\/chinacarfilm.com\/wp-content\/uploads\/2024\/04\/use2-300x160.jpg 300w, https:\/\/chinacarfilm.com\/wp-content\/uploads\/2024\/04\/use2-600x321.jpg 600w, https:\/\/chinacarfilm.com\/wp-content\/uploads\/2024\/04\/use2-1200x641.jpg 1200w\" sizes=\"auto, (max-width: 1228px) 100vw, 1228px\" \/><\/div><\/div><div class=\"w-separator size_small\"><\/div><div class=\"w-image align_none\"><div class=\"w-image-h\"><img decoding=\"async\" width=\"1228\" height=\"656\" src=\"https:\/\/chinacarfilm.com\/wp-content\/uploads\/2024\/04\/use3.jpg\" class=\"attachment-full size-full\" alt=\"\" loading=\"lazy\" srcset=\"https:\/\/chinacarfilm.com\/wp-content\/uploads\/2024\/04\/use3.jpg 1228w, https:\/\/chinacarfilm.com\/wp-content\/uploads\/2024\/04\/use3-300x160.jpg 300w, https:\/\/chinacarfilm.com\/wp-content\/uploads\/2024\/04\/use3-600x321.jpg 600w, https:\/\/chinacarfilm.com\/wp-content\/uploads\/2024\/04\/use3-1200x641.jpg 1200w\" sizes=\"auto, (max-width: 1228px) 100vw, 1228px\" \/><\/div><\/div><\/div><\/div><\/div><\/div><\/section>","protected":false},"excerpt":{"rendered":"","protected":false},"author":1,"featured_media":1935,"parent":0,"menu_order":0,"comment_status":"closed","ping_status":"closed","template":"","meta":{"footnotes":""},"class_list":["post-1911","page","type-page","status-publish","has-post-thumbnail","hentry"],"acf":[],"_links":{"self":[{"href":"https:\/\/chinacarfilm.com\/pt\/wp-json\/wp\/v2\/pages\/1911","targetHints":{"allow":["GET"]}}],"collection":[{"href":"https:\/\/chinacarfilm.com\/pt\/wp-json\/wp\/v2\/pages"}],"about":[{"href":"https:\/\/chinacarfilm.com\/pt\/wp-json\/wp\/v2\/types\/page"}],"author":[{"embeddable":true,"href":"https:\/\/chinacarfilm.com\/pt\/wp-json\/wp\/v2\/users\/1"}],"replies":[{"embeddable":true,"href":"https:\/\/chinacarfilm.com\/pt\/wp-json\/wp\/v2\/comments?post=1911"}],"version-history":[{"count":0,"href":"https:\/\/chinacarfilm.com\/pt\/wp-json\/wp\/v2\/pages\/1911\/revisions"}],"wp:featuredmedia":[{"embeddable":true,"href":"https:\/\/chinacarfilm.com\/pt\/wp-json\/wp\/v2\/media\/1935"}],"wp:attachment":[{"href":"https:\/\/chinacarfilm.com\/pt\/wp-json\/wp\/v2\/media?parent=1911"}],"curies":[{"name":"wp","href":"https:\/\/api.w.org\/{rel}","templated":true}]}}