{"id":1891,"date":"2024-04-01T10:54:14","date_gmt":"2024-04-01T02:54:14","guid":{"rendered":"https:\/\/chinacarfilm.com\/?page_id=1891"},"modified":"2024-05-24T10:05:36","modified_gmt":"2024-05-24T02:05:36","slug":"film-cutting-machine","status":"publish","type":"page","link":"https:\/\/chinacarfilm.com\/pt\/film-cutting-machine\/","title":{"rendered":"M\u00e1quina de corte de filme"},"content":{"rendered":"<section class=\"l-section wpb_row us_custom_1ad0627d height_large color_alternate with_img\"><div class=\"l-section-img\" role=\"img\" aria-label=\"Imagem\" data-img-width=\"1900\" data-img-height=\"900\" style=\"background-image: url(https:\/\/chinacarfilm.com\/wp-content\/uploads\/2024\/04\/Film-cutting-machine-0.jpg);\"><\/div><div class=\"l-section-h i-cf\"><div class=\"g-cols vc_row via_grid cols_1-2 laptops-cols_inherit tablets-cols_inherit mobiles-cols_1 valign_middle type_default stacking_default\"><div class=\"wpb_column vc_column_container us_custom_123a346c\"><div class=\"vc_column-inner\"><h1 class=\"w-text us_custom_9c33410b\"><span class=\"w-text-h\"><span class=\"w-text-value\">M\u00e1quina de corte de filme<\/span><\/span><\/h1><div class=\"wpb_text_column\"><div class=\"wpb_wrapper\"><p>A Magicar oferece uma m\u00e1quina de corte de filme dedicada para TPU PPF. A m\u00e1quina possui um design de aplica\u00e7\u00e3o de filme com dois bra\u00e7os, simplificando a montagem e facilitando o uso. Ela oferece uma velocidade de corte de at\u00e9 800 mm\/s e conta com 9 rodas de press\u00e3o integradas para garantir uma aplica\u00e7\u00e3o precisa do filme. O painel de toque intuitivo e os bot\u00f5es operacionais facilitam a visualiza\u00e7\u00e3o dos dados. Com excelente praticidade, efici\u00eancia de corte e estabilidade, este equipamento proporciona uma experi\u00eancia de corte de filme superior para voc\u00ea e seus clientes.<\/p>\n<\/div><\/div><\/div><\/div><div class=\"wpb_column vc_column_container\"><div class=\"vc_column-inner\"><\/div><\/div><\/div><\/div><\/section><section class=\"l-section wpb_row us_custom_2bfa7ce6 height_huge color_alternate\"><div class=\"l-section-h i-cf\"><div class=\"g-cols vc_row via_grid cols_3-2 laptops-cols_inherit tablets-cols_inherit mobiles-cols_1 valign_middle type_default stacking_default\" style=\"--columns-gap:2rem;\"><div class=\"wpb_column vc_column_container\"><div class=\"vc_column-inner\"><div class=\"w-image align_none\"><div class=\"w-image-h\"><img decoding=\"async\" width=\"998\" height=\"579\" src=\"https:\/\/chinacarfilm.com\/wp-content\/uploads\/2024\/04\/soft2.jpg\" class=\"attachment-large size-large\" alt=\"\" loading=\"lazy\" srcset=\"https:\/\/chinacarfilm.com\/wp-content\/uploads\/2024\/04\/soft2.jpg 998w, https:\/\/chinacarfilm.com\/wp-content\/uploads\/2024\/04\/soft2-300x174.jpg 300w, https:\/\/chinacarfilm.com\/wp-content\/uploads\/2024\/04\/soft2-600x348.jpg 600w\" sizes=\"auto, (max-width: 998px) 100vw, 998px\" \/><\/div><\/div><\/div><\/div><div class=\"wpb_column vc_column_container\"><div class=\"vc_column-inner\"><h2 class=\"w-text\"><span class=\"w-text-h\"><span class=\"w-text-value\">Software de dados espec\u00edfico do ve\u00edculo<\/span><\/span><\/h2><div class=\"wpb_text_column\"><div class=\"wpb_wrapper\"><p>Tecnicamente, o sistema dedicado da Magicar utiliza a digitaliza\u00e7\u00e3o 3D do ve\u00edculo real para garantir a precis\u00e3o dos dados desde a fonte de coleta. O processo, desde a instala\u00e7\u00e3o do software at\u00e9 a impress\u00e3o e o corte, \u00e9 simples e claro.<\/p>\n<\/div><\/div><div class=\"w-separator size_medium with_line width_default thick_1 style_solid color_border align_center\"><div class=\"w-separator-h\"><\/div><\/div><div class=\"g-cols wpb_row via_grid cols_2 laptops-cols_inherit tablets-cols_inherit mobiles-cols_1 valign_top type_default stacking_default\" style=\"--columns-gap:2rem;\"><div class=\"wpb_column vc_column_container\"><div class=\"vc_column-inner\"><div class=\"wpb_text_column\"><div class=\"wpb_wrapper\"><h4>Dados massivos<\/h4>\n<p>O sistema abrange dados sobre pel\u00edculas de prote\u00e7\u00e3o de pintura de centenas de marcas diferentes em todo o mundo, abrangendo v\u00e1rios anos e modelos (incluindo interiores). Inclui n\u00e3o apenas modelos de ve\u00edculos tradicionais e antigos, mas tamb\u00e9m atualiza continuamente dados de novas marcas e modelos.<\/p>\n<\/div><\/div><\/div><\/div><div class=\"wpb_column vc_column_container\"><div class=\"vc_column-inner\"><div class=\"wpb_text_column\"><div class=\"wpb_wrapper\"><h4>Modelos precisos<\/h4>\n<p>Ap\u00f3s mapear os dados do ve\u00edculo escaneados em 3D para planos 2D, os t\u00e9cnicos verificam e otimizam cuidadosamente os dados para evitar problemas relacionados \u00e0 perda incontrol\u00e1vel de precis\u00e3o durante o processo de mapeamento, garantindo um ajuste perfeito e preciso.<\/p>\n<\/div><\/div><\/div><\/div><div class=\"wpb_column vc_column_container\"><div class=\"vc_column-inner\"><div class=\"wpb_text_column\"><div class=\"wpb_wrapper\"><h4>Opera\u00e7\u00f5es f\u00e1ceis de usar<\/h4>\n<p>O sistema suporta edi\u00e7\u00e3o personalizada de envelopamento de bordas e possui layouts pr\u00e9-processados para envelopamento completo do ve\u00edculo e de bordas. Os usu\u00e1rios podem economizar bastante tempo e aumentar a efici\u00eancia fazendo pequenas modifica\u00e7\u00f5es ou usando os layouts predefinidos diretamente, sem opera\u00e7\u00f5es complexas.<\/p>\n<\/div><\/div><\/div><\/div><div class=\"wpb_column vc_column_container\"><div class=\"vc_column-inner\"><div class=\"wpb_text_column\"><div class=\"wpb_wrapper\"><h4>Redu\u00e7\u00e3o de custos<\/h4>\n<p>Com base em experi\u00eancias reais de instala\u00e7\u00e3o, o uso do nosso sistema especializado em ve\u00edculos pode economizar uma m\u00e9dia de 20% por rolo de filme, com aproximadamente 3 metros de comprimento. O sistema tamb\u00e9m reduz o tempo de instala\u00e7\u00e3o por ve\u00edculo em cerca de 30% em compara\u00e7\u00e3o com o corte manual.<\/p>\n<\/div><\/div><\/div><\/div><\/div><\/div><\/div><\/div><\/div><\/section><section class=\"l-section wpb_row us_custom_bfbe1753 height_large color_alternate with_img\"><div class=\"l-section-img\" role=\"img\" aria-label=\"Imagem\" data-img-width=\"1900\" data-img-height=\"900\" style=\"background-image: url(https:\/\/chinacarfilm.com\/wp-content\/uploads\/2024\/04\/Film-cutting-machine.jpg);\"><\/div><div class=\"l-section-h i-cf\"><div class=\"g-cols vc_row via_grid cols_1-2 laptops-cols_inherit tablets-cols_inherit mobiles-cols_1 valign_middle type_default stacking_default\"><div class=\"wpb_column vc_column_container us_custom_123a346c\"><div class=\"vc_column-inner\"><h2 class=\"w-text\"><span class=\"w-text-h\"><span class=\"w-text-value\">Especializado em Ve\u00edculos, Corte Preciso de Filmes<\/span><\/span><\/h2><h5 class=\"w-text us_custom_9c33410b\"><span class=\"w-text-h\"><span class=\"w-text-value\">M\u00e1quina de corte de filme<\/span><\/span><\/h5><\/div><\/div><div class=\"wpb_column vc_column_container\"><div class=\"vc_column-inner\"><\/div><\/div><\/div><\/div><\/section><section class=\"l-section wpb_row height_large\"><div class=\"l-section-h i-cf\"><div class=\"g-cols vc_row via_grid cols_1 laptops-cols_inherit tablets-cols_inherit mobiles-cols_1 valign_top type_default stacking_default\"><div class=\"wpb_column vc_column_container\"><div class=\"vc_column-inner\"><div class=\"w-video align_none ratio_16x9 has_iframe\"><div class=\"w-video-h\"><iframe title=\"Reprodutor de v\u00eddeo do YouTube\" src=\"\/\/www.youtube.com\/embed\/uOy2h5EnSPA?autoplay=0&controls=1&origin=https:\/\/chinacarfilm.com\/pt&loop=0&mute=0\" allowfullscreen=\"1\" loading=\"lazy\"><\/iframe><\/div><\/div><\/div><\/div><\/div><\/div><\/section>","protected":false},"excerpt":{"rendered":"","protected":false},"author":1,"featured_media":1941,"parent":0,"menu_order":0,"comment_status":"closed","ping_status":"closed","template":"","meta":{"footnotes":""},"class_list":["post-1891","page","type-page","status-publish","has-post-thumbnail","hentry"],"acf":[],"_links":{"self":[{"href":"https:\/\/chinacarfilm.com\/pt\/wp-json\/wp\/v2\/pages\/1891","targetHints":{"allow":["GET"]}}],"collection":[{"href":"https:\/\/chinacarfilm.com\/pt\/wp-json\/wp\/v2\/pages"}],"about":[{"href":"https:\/\/chinacarfilm.com\/pt\/wp-json\/wp\/v2\/types\/page"}],"author":[{"embeddable":true,"href":"https:\/\/chinacarfilm.com\/pt\/wp-json\/wp\/v2\/users\/1"}],"replies":[{"embeddable":true,"href":"https:\/\/chinacarfilm.com\/pt\/wp-json\/wp\/v2\/comments?post=1891"}],"version-history":[{"count":0,"href":"https:\/\/chinacarfilm.com\/pt\/wp-json\/wp\/v2\/pages\/1891\/revisions"}],"wp:featuredmedia":[{"embeddable":true,"href":"https:\/\/chinacarfilm.com\/pt\/wp-json\/wp\/v2\/media\/1941"}],"wp:attachment":[{"href":"https:\/\/chinacarfilm.com\/pt\/wp-json\/wp\/v2\/media?parent=1891"}],"curies":[{"name":"wp","href":"https:\/\/api.w.org\/{rel}","templated":true}]}}