{"id":1185,"date":"2023-12-14T14:56:45","date_gmt":"2023-12-14T06:56:45","guid":{"rendered":"https:\/\/chinacarfilm.com\/?page_id=1185"},"modified":"2024-05-24T09:29:46","modified_gmt":"2024-05-24T01:29:46","slug":"car-window-film-construction-cases","status":"publish","type":"page","link":"https:\/\/chinacarfilm.com\/pt\/car-window-film-construction-cases\/","title":{"rendered":"Casos de constru\u00e7\u00e3o de pel\u00edculas para janelas de carros"},"content":{"rendered":"<section class=\"l-section wpb_row us_custom_696aca90 height_large width_custom color_alternate with_img\" style=\"--site-content-width:700px;\"><div class=\"l-section-img\" role=\"img\" aria-label=\"Imagem\" data-img-width=\"1920\" data-img-height=\"550\" style=\"background-image: url(https:\/\/chinacarfilm.com\/wp-content\/uploads\/2024\/05\/window-tint-film.jpg);\"><\/div><div class=\"l-section-h i-cf\"><div class=\"g-cols vc_row via_grid cols_1 laptops-cols_inherit tablets-cols_inherit mobiles-cols_1 valign_middle type_default stacking_default\"><div class=\"wpb_column vc_column_container\"><div class=\"vc_column-inner\"><div class=\"wpb_text_column\"><div class=\"wpb_wrapper\"><p>Pel\u00edcula de prote\u00e7\u00e3o Magic Car<\/p>\n<\/div><\/div><h1 class=\"w-post-elm post_title us_custom_2774bef1 entry-title color_link_inherit\">Casos de constru\u00e7\u00e3o de pel\u00edculas para janelas de carros<\/h1><\/div><\/div><\/div><\/div><\/section><section class=\"l-section wpb_row height_large\"><div class=\"l-section-h i-cf\"><div class=\"g-cols vc_row via_grid cols_3 laptops-cols_inherit tablets-cols_inherit mobiles-cols_1 valign_top type_default stacking_default\"><div class=\"wpb_column vc_column_container\"><div class=\"vc_column-inner\"><div class=\"w-video align_none ratio_16x9\"><div class=\"w-video-h\"><iframe loading=\"lazy\" title=\"Pel\u00edcula para janelas de carro, pel\u00edcula solar, pel\u00edcula para janelas em canteiros de obras\" width=\"640\" height=\"360\" src=\"https:\/\/www.youtube.com\/embed\/JEy6d9R0gHU?feature=oembed\" frameborder=\"0\" allow=\"accelerometer; autoplay; clipboard-write; encrypted-media; gyroscope; picture-in-picture; web-share\" referrerpolicy=\"strict-origin-when-cross-origin\" allowfullscreen><\/iframe><\/div><\/div><\/div><\/div><div class=\"wpb_column vc_column_container\"><div class=\"vc_column-inner\"><div class=\"w-video align_none ratio_16x9\"><div class=\"w-video-h\"><iframe loading=\"lazy\" title=\"Pel\u00edcula para janelas de carro, pel\u00edcula solar, pel\u00edcula para janelas, pel\u00edcula imersiva para canteiros de obras\" width=\"640\" height=\"360\" src=\"https:\/\/www.youtube.com\/embed\/CXrLpyA5Njg?feature=oembed\" frameborder=\"0\" allow=\"accelerometer; autoplay; clipboard-write; encrypted-media; gyroscope; picture-in-picture; web-share\" referrerpolicy=\"strict-origin-when-cross-origin\" allowfullscreen><\/iframe><\/div><\/div><\/div><\/div><div class=\"wpb_column vc_column_container\"><div class=\"vc_column-inner\"><div class=\"w-video align_none ratio_16x9\"><div class=\"w-video-h\"><iframe loading=\"lazy\" title=\"Pel\u00edcula para janelas de carro, pel\u00edcula solar, pel\u00edcula para janelas, pel\u00edcula imersiva para canteiros de obras\" width=\"640\" height=\"360\" src=\"https:\/\/www.youtube.com\/embed\/Nn0bzQbMwAk?feature=oembed\" frameborder=\"0\" allow=\"accelerometer; autoplay; clipboard-write; encrypted-media; gyroscope; picture-in-picture; web-share\" referrerpolicy=\"strict-origin-when-cross-origin\" allowfullscreen><\/iframe><\/div><\/div><\/div><\/div><div class=\"wpb_column vc_column_container\"><div class=\"vc_column-inner\"><div class=\"w-video align_none ratio_16x9 has_iframe\"><div class=\"w-video-h\"><iframe title=\"Reprodutor de v\u00eddeo do YouTube\" src=\"\/\/www.youtube.com\/embed\/_50p5YIyjlA?autoplay=0&controls=1&origin=https:\/\/chinacarfilm.com\/pt&loop=0&mute=0\" allowfullscreen=\"1\" loading=\"lazy\"><\/iframe><\/div><\/div><\/div><\/div><div class=\"wpb_column vc_column_container\"><div class=\"vc_column-inner\"><div class=\"w-video align_none ratio_16x9 has_iframe\"><div class=\"w-video-h\"><iframe title=\"Reprodutor de v\u00eddeo do YouTube\" src=\"\/\/www.youtube.com\/embed\/fDrYQyR5X24?autoplay=0&controls=1&origin=https:\/\/chinacarfilm.com\/pt&loop=0&mute=0\" allowfullscreen=\"1\" loading=\"lazy\"><\/iframe><\/div><\/div><\/div><\/div><div class=\"wpb_column vc_column_container\"><div class=\"vc_column-inner\"><div class=\"w-video align_none ratio_16x9 has_iframe\"><div class=\"w-video-h\"><iframe title=\"Reprodutor de v\u00eddeo do YouTube\" src=\"\/\/www.youtube.com\/embed\/XhaoHZDma2Y?autoplay=0&controls=1&origin=https:\/\/chinacarfilm.com\/pt&loop=0&mute=0\" allowfullscreen=\"1\" loading=\"lazy\"><\/iframe><\/div><\/div><\/div><\/div><\/div><\/div><\/section><section class=\"l-section wpb_row height_auto width_full\"><div class=\"l-section-h i-cf\"><div class=\"g-cols vc_row via_grid cols_1 laptops-cols_inherit tablets-cols_inherit mobiles-cols_1 valign_top type_default stacking_default\"><div class=\"wpb_column vc_column_container\"><div class=\"vc_column-inner\"><section class=\"l-section wpb_row us_custom_eb849559 height_medium width_custom\" style=\"--site-content-width:1000px;\"><div class=\"l-section-h i-cf\"><div class=\"g-cols vc_row via_grid cols_1 laptops-cols_inherit tablets-cols_inherit mobiles-cols_1 valign_top type_default stacking_default\"><div class=\"wpb_column vc_column_container\"><div class=\"vc_column-inner\"><div class=\"wpb_text_column\"><div class=\"wpb_wrapper\"><p>\u00a0 <img loading=\"lazy\" decoding=\"async\" class=\"alignnone  wp-image-2301\" src=\"https:\/\/chinacarfilm.com\/wp-content\/uploads\/2024\/09\/WooMagicar-logo.png\" alt=\"\" width=\"162\" height=\"31\" srcset=\"https:\/\/chinacarfilm.com\/wp-content\/uploads\/2024\/09\/WooMagicar-logo.png 400w, https:\/\/chinacarfilm.com\/wp-content\/uploads\/2024\/09\/WooMagicar-logo-300x57.png 300w\" sizes=\"auto, (max-width: 162px) 100vw, 162px\" \/>\u00a0 \u00a0 \u00a0 <img loading=\"lazy\" decoding=\"async\" class=\"alignnone wp-image-1095\" src=\"https:\/\/chinacarfilm.com\/wp-content\/uploads\/2023\/06\/kuchi-logo-1.png\" alt=\"\" width=\"100\" height=\"35\" \/><\/p>\n<p>WooMagicar e Kuchi s\u00e3o nossas marcas de ponta, famosas nos mercados nacional e internacional, com quase 300 lojas pr\u00f3prias e distribuidoras. Mantemos sempre um alto padr\u00e3o de qualidade dos produtos, al\u00e9m de pre\u00e7os muito competitivos, criando uma parceria vantajosa para todos. Nos \u00faltimos anos, atendemos milhares de propriet\u00e1rios de autom\u00f3veis. A seguir, apresentamos nossos casos reais de instala\u00e7\u00e3o.<\/p>\n<\/div><\/div><\/div><\/div><\/div><\/div><\/section>\n<\/div><\/div><\/div><\/div><\/section>","protected":false},"excerpt":{"rendered":"","protected":false},"author":1,"featured_media":0,"parent":0,"menu_order":0,"comment_status":"closed","ping_status":"closed","template":"","meta":{"footnotes":""},"class_list":["post-1185","page","type-page","status-publish","hentry"],"acf":[],"_links":{"self":[{"href":"https:\/\/chinacarfilm.com\/pt\/wp-json\/wp\/v2\/pages\/1185","targetHints":{"allow":["GET"]}}],"collection":[{"href":"https:\/\/chinacarfilm.com\/pt\/wp-json\/wp\/v2\/pages"}],"about":[{"href":"https:\/\/chinacarfilm.com\/pt\/wp-json\/wp\/v2\/types\/page"}],"author":[{"embeddable":true,"href":"https:\/\/chinacarfilm.com\/pt\/wp-json\/wp\/v2\/users\/1"}],"replies":[{"embeddable":true,"href":"https:\/\/chinacarfilm.com\/pt\/wp-json\/wp\/v2\/comments?post=1185"}],"version-history":[{"count":0,"href":"https:\/\/chinacarfilm.com\/pt\/wp-json\/wp\/v2\/pages\/1185\/revisions"}],"wp:attachment":[{"href":"https:\/\/chinacarfilm.com\/pt\/wp-json\/wp\/v2\/media?parent=1185"}],"curies":[{"name":"wp","href":"https:\/\/api.w.org\/{rel}","templated":true}]}}